{"id":571,"date":"2024-04-05T22:39:22","date_gmt":"2024-04-05T20:39:22","guid":{"rendered":"https:\/\/comprasguitarramusicaymas.cloud\/?page_id=571"},"modified":"2024-07-19T23:42:31","modified_gmt":"2024-07-19T21:42:31","slug":"y-visiten-nuestra-net-reidio-xhyt8199-the-bessst-frequency-on-the-net","status":"publish","type":"page","link":"https:\/\/comprasguitarramusicaymas.cloud\/index.php\/y-visiten-nuestra-net-reidio-xhyt8199-the-bessst-frequency-on-the-net\/","title":{"rendered":"y Visiten nuestra net reidio XHYT8199 The bessst; Frequency on the net"},"content":{"rendered":"\n<p class=\"has-vivid-cyan-blue-color has-text-color has-link-color has-normal-font-size wp-elements-80eff855dadcbbc823f913956588510b\"><em><strong>y Visiten nuestra <mark style=\"background-color:rgba(0, 0, 0, 0)\" class=\"has-inline-color has-orange-color\">net reidio <a href=\"https:\/\/youtu.be\/M2RZJy4fq6c?si=RWVDDgTCfMLJYD6o\" target=\"_blank\" rel=\"noreferrer noopener\">XHYT8199<\/a><\/mark> The bessst; Frequency on the net<\/strong><\/em><\/p>\n\n\n\n<p class=\"has-normal-font-size\"><mark style=\"background-color:rgba(0, 0, 0, 0)\" class=\"has-inline-color has-orange-color\">O <em><strong>clikea <\/strong><\/em>la <em><strong>U.R.L. segura<\/strong><\/em><\/mark>: <a href=\"https:\/\/youtu.be\/M2RZJy4fq6c?si=RWVDDgTCfMLJYD6o\">https:\/\/youtu.be\/M2RZJy4fq6c?si=RWVDDgTCfMLJYD6o<\/a><\/p>\n\n\n\n<p><\/p>\n\n\n\n<p class=\"has-normal-font-size\">Donde <em><strong>se podran informar <mark style=\"background-color:rgba(0, 0, 0, 0)\" class=\"has-inline-color has-primary-color\">de todo lo que solo nosotros<\/mark> <\/strong><\/em>les <em><strong>podemos informar;<\/strong><\/em><\/p>\n\n\n\n<p>guitarras <em><strong>tocar <\/strong><\/em>y <em><strong>cantar<\/strong><\/em><\/p>\n\n\n\n<p>Visiten la <a href=\"https:\/\/comprasguitarramusicaymas.cloud\/index.php\/y-visiten-nuestra-net-reidio-xhyt8199-the-bessst-frequency-on-the-net\/\">net reidio<\/a> <em><strong><a href=\"https:\/\/comprasguitarramusicaymas.cloud\/index.php\/y-visiten-nuestra-net-reidio-xhyt8199-the-bessst-frequency-on-the-net\/\">XHYT8199<\/a> The <\/strong><\/em><a href=\"https:\/\/comprasguitarramusicaymas.cloud\/index.php\/y-visiten-nuestra-net-reidio-xhyt8199-the-bessst-frequency-on-the-net\/\"><em><strong>besst <\/strong><\/em>frequency<\/a> on the net.. y:<\/p>\n\n\n\n<p>Y obtengan <em><strong><mark style=\"background-color:rgba(0, 0, 0, 0);color:#f2b315\" class=\"has-inline-color\">acceso <\/mark>y<em><strong> <mark style=\"background-color:rgba(0, 0, 0, 0)\" class=\"has-inline-color has-primary-color\">CUENTA DE USUARIO<\/mark> <\/strong><\/em><mark style=\"background-color:rgba(0, 0, 0, 0);color:#f9a408\" class=\"has-inline-color\">gratis <\/mark>y a nuestros EBooks y Videos gratis!!<\/strong><\/em> S\u00edi!!;},,<em><strong> Totalmente gratuitos <\/strong><\/em>todos los <em><strong>productos <\/strong><\/em>de nuestra <em><strong>producci\u00f3n<\/strong><\/em>:<\/p>\n\n\n\n<p><em><strong>_________&#8212;&#8212;&#8212;&#8211; <\/strong><\/em>Despu\u00e9s de <mark style=\"background-color:rgba(0, 0, 0, 0);color:#07e509\" class=\"has-inline-color\"><em><strong>dar solo<\/strong><\/em> <\/mark><em><strong><mark style=\"background-color:rgba(0, 0, 0, 0);color:#f0bd06\" class=\"has-inline-color\">10 Likes<\/mark><\/strong><\/em> a solo 10 de cualquiera de nuestras <em><strong>transmisiones <\/strong><\/em>_________&#8212;&#8212;&#8212;&#8211; <em><strong>grabadas<\/strong><\/em> en Vivo <em><strong>S\u00edi!!;},<\/strong><\/em> <a href=\"https:\/\/comprasguitarramusicaymas.cloud\/index.php\/y-visiten-nuestra-net-reidio-xhyt8199-the-bessst-frequency-on-the-net\/\">LIVE<\/a> <em><strong>y nada m\u00e1s dar<\/strong><\/em> [<em><strong><mark style=\"background-color:rgba(0, 0, 0, 0)\" class=\"has-inline-color has-orange-color\">SUSCRIBIR<\/mark><\/strong>] al <\/em><strong><a href=\"https:\/\/comprasguitarramusicaymas.cloud\/index.php\/y-visiten-nuestra-net-reidio-xhyt8199-the-bessst-frequency-on-the-net\/\">canal  studio<\/a> <\/strong>y _________&#8212;&#8212;&#8212;&#8211; lisssstoooo!!!<\/p>\n\n\n\n<p><em><strong>_________&#8212;&#8212;&#8212;&#8211; <\/strong><\/em>Obtendr\u00e1s <em><strong>todos los <a href=\"https:\/\/comprasguitarramusicaymas.cloud\/index.php\/y-visiten-nuestra-net-reidio-xhyt8199-the-bessst-frequency-on-the-net\/\">productos completitos<\/a><\/strong><\/em> de nuestra <a href=\"https:\/\/comprasguitarramusicaymas.cloud\/index.php\/y-visiten-nuestra-net-reidio-xhyt8199-the-bessst-frequency-on-the-net\/\">total producci\u00f3n<\/a> Y:<\/p>\n\n\n\n<p><em><strong>_________&#8212;&#8212;&#8212;&#8211; <\/strong><\/em>Formaras <em><strong>parte de todos nuestros 5 Web sites<\/strong><\/em> <em><strong><a href=\"https:\/\/comprasguitarramusicaymas.cloud\/index.php\/y-visiten-nuestra-net-reidio-xhyt8199-the-bessst-frequency-on-the-net\/\">Compras Guitarra M\u00fasica y M\u00e1s<\/a><\/strong><\/em> _________&#8212;&#8212;&#8212;&#8211; <em><strong><mark style=\"background-color:rgba(0, 0, 0, 0)\" class=\"has-inline-color has-primary-color\">todo <a href=\"https:\/\/comprasguitarramusicaymas.cloud\/index.php\/y-visiten-nuestra-net-reidio-xhyt8199-the-bessst-frequency-on-the-net\/\">gratuitamente<\/a> <\/mark><\/strong><\/em><a href=\"https:\/\/comprasguitarramusicaymas.cloud\/index.php\/y-visiten-nuestra-net-reidio-xhyt8199-the-bessst-frequency-on-the-net\/\">Productos<\/a> <em><strong>EBooks<\/strong><\/em> y <em><strong>Videos<\/strong><\/em> <mark style=\"background-color:rgba(0, 0, 0, 0);color:#25c00f\" class=\"has-inline-color\"><em><strong>gratuitos gratuitamente<\/strong><\/em><\/mark> \u00a1\u00a1Por _________&#8212;&#8212;&#8212;&#8211; siempre de los siempres <em><strong>toda la vida<\/strong><\/em>!!<\/p>\n\n\n\n<p>\u00a1<a href=\"https:\/\/comprasguitarramusicaymas.cloud\/index.php\/2024\/02\/14\/hola-mundo\/\"><em><strong>Hola<\/strong><\/em>, mundo<\/a>! <em><strong>entrada\/<a href=\"https:\/\/comprasguitarramusicaymas.cloud\/index.php\/2024\/02\/14\/hola-mundo\/\">post <\/a><\/strong><\/em>de c\u00e1liz\/<a href=\"https:\/\/comprasguitarramusicaymas.cloud\/index.php\/2024\/02\/14\/hola-mundo\/\"><em><strong>ensayo <\/strong><\/em><\/a>en la <em><strong><a href=\"https:\/\/comprasguitarramusicaymas.cloud\/index.php\/2024\/02\/14\/hola-mundo\/\">Web<\/a> site<\/strong><\/em><\/p>\n\n\n\n<p><em><strong>_________&#8212;&#8212;&#8212;&#8211; _________&#8212;&#8212;&#8212;&#8211; _________&#8212;&#8212;&#8212;&#8211; _________&#8212;&#8212;&#8212;&#8211; _________&#8212;&#8212;&#8212;&#8211; <\/strong><\/em><\/p>\n\n\n\n<p>Nuestras <a href=\"https:\/\/comprasguitarramusicaymas.cloud\/index.php\/entra-a-nuestras-4-web-sites-1000000-a-la-millonesima-potencia-de-seguras-y-protectoras-de-ud-para-ud\/\"><em><strong>4 Web Sites<\/strong><\/em><\/a>: ENTRA x AQUI: A <a href=\"https:\/\/comprasguitarramusicaymas.cloud\/index.php\/entra-a-nuestras-4-web-sites-1000000-a-la-millonesima-potencia-de-seguras-y-protectoras-de-ud-para-ud\/\">nuestras <\/a><em><strong><a href=\"https:\/\/comprasguitarramusicaymas.cloud\/index.php\/entra-a-nuestras-4-web-sites-1000000-a-la-millonesima-potencia-de-seguras-y-protectoras-de-ud-para-ud\/\">4 web <\/a>sites<\/strong><\/em> 1&#8217;000,000 a la <a href=\"https:\/\/comprasguitarramusicaymas.cloud\/index.php\/entra-a-nuestras-4-web-sites-1000000-a-la-millonesima-potencia-de-seguras-y-protectoras-de-ud-para-ud\/\"><em><strong>millon\u00e9sima potencia de <\/strong><\/em><mark style=\"background-color:rgba(0, 0, 0, 0);color:#23cc0b\" class=\"has-inline-color\"><em><strong>seguras<\/strong><\/em> y <em><strong>protectoras<\/strong><\/em><\/mark><\/a> de Ud.\/ para Ud, <mark style=\"background-color:rgba(0, 0, 0, 0);color:#e9b004\" class=\"has-inline-color\"><em><strong>zero<\/strong><\/em> spam<\/mark>; <mark style=\"background-color:rgba(0, 0, 0, 0)\" class=\"has-inline-color has-orange-color\"><em><strong>zero<\/strong><\/em> boot neets<\/mark>; <mark style=\"background-color:rgba(0, 0, 0, 0)\" class=\"has-inline-color has-primary-color\"><em>z<strong>ero all ciber atack in the world<\/strong><\/em>,<\/mark><\/p>\n\n\n\n<p><em><strong>_________&#8212;&#8212;&#8212;&#8211; _________&#8212;&#8212;&#8212;&#8211; _________&#8212;&#8212;&#8212;&#8211; _________&#8212;&#8212;&#8212;&#8211; _________&#8212;&#8212;&#8212;&#8211; <\/strong><\/em><\/p>\n\n\n\n<p><br><em><strong>guitarra <\/strong><\/em><mark style=\"background-color:rgba(0, 0, 0, 0);color:#dfaa0c\" class=\"has-inline-color\">para <em><strong>cantar<\/strong><\/em><\/mark><em><strong> <\/strong><\/em>y <em><strong><mark style=\"background-color:rgba(0, 0, 0, 0)\" class=\"has-inline-color has-primary-color\">desestresartre <\/mark><\/strong><\/em>cantando y toc\u00e1ndola tocando y <em><strong>haciendo <mark style=\"background-color:rgba(0, 0, 0, 0)\" class=\"has-inline-color has-primary-color\">m\u00fasica<\/mark><\/strong><\/em><\/p>\n\n\n\n<p><br><em><strong>guitarra <\/strong><\/em>para <em><strong>tocar sus cuerdas <\/strong><\/em>y <em><strong>hacer <\/strong><\/em>de sus<em><strong> sonidos naturales <\/strong><\/em>una <em><strong>cancion musical <\/strong><\/em>en el <em><strong>estudio <\/strong><\/em>o <em><strong>habitacion <\/strong><\/em>de <em><strong>estudio<\/strong><\/em><\/p>\n\n\n\n<figure class=\"wp-block-gallery has-nested-images columns-default is-cropped wp-block-gallery-1 is-layout-flex wp-block-gallery-is-layout-flex\">\n<figure class=\"wp-block-image size-large\"><img loading=\"lazy\" decoding=\"async\" width=\"1024\" height=\"563\" data-id=\"211\" src=\"https:\/\/comprasguitarramusicaymas.cloud\/wp-content\/uploads\/2024\/03\/GuitarMusicHow2-GMHS-Guitar-FretS-FingerboardS-1024x563.jpg\" alt=\"guitarras tocar y cantar\" class=\"wp-image-211\" srcset=\"https:\/\/comprasguitarramusicaymas.cloud\/wp-content\/uploads\/2024\/03\/GuitarMusicHow2-GMHS-Guitar-FretS-FingerboardS-1024x563.jpg 1024w, https:\/\/comprasguitarramusicaymas.cloud\/wp-content\/uploads\/2024\/03\/GuitarMusicHow2-GMHS-Guitar-FretS-FingerboardS-300x165.jpg 300w, https:\/\/comprasguitarramusicaymas.cloud\/wp-content\/uploads\/2024\/03\/GuitarMusicHow2-GMHS-Guitar-FretS-FingerboardS-768x422.jpg 768w, https:\/\/comprasguitarramusicaymas.cloud\/wp-content\/uploads\/2024\/03\/GuitarMusicHow2-GMHS-Guitar-FretS-FingerboardS-1536x845.jpg 1536w, https:\/\/comprasguitarramusicaymas.cloud\/wp-content\/uploads\/2024\/03\/GuitarMusicHow2-GMHS-Guitar-FretS-FingerboardS.jpg 1600w\" sizes=\"auto, (max-width: 1024px) 100vw, 1024px\" \/><figcaption class=\"wp-element-caption\">guitarra para cantar y desestresartre cantando y tocandola tocando y haciendo musica<\/figcaption><\/figure>\n\n\n\n<figure class=\"wp-block-image size-large is-style-rounded\"><img loading=\"lazy\" decoding=\"async\" width=\"75\" height=\"50\" data-id=\"201\" src=\"https:\/\/comprasguitarramusicaymas.cloud\/wp-content\/uploads\/2024\/03\/GMHS6-P6-75-x-50-Pixels-ESTE-Ibanez-Accoustic-Guitar.png\" alt=\"guitarras tocar y cantar\" class=\"wp-image-201\"\/><figcaption class=\"wp-element-caption\">guitarra para tocar sus cuerdas y hacer de sus sonidos naturales una cancion musical en el estudio o habitacion de estudio<\/figcaption><\/figure>\n\n\n\n<figure class=\"wp-block-image size-large\"><img loading=\"lazy\" decoding=\"async\" width=\"1024\" height=\"576\" data-id=\"212\" src=\"https:\/\/comprasguitarramusicaymas.cloud\/wp-content\/uploads\/2024\/03\/JoeRiver-Haciendo-Musica-1024x576.jpg\" alt=\"guitarras tocar y cantar\" class=\"wp-image-212\" srcset=\"https:\/\/comprasguitarramusicaymas.cloud\/wp-content\/uploads\/2024\/03\/JoeRiver-Haciendo-Musica-1024x576.jpg 1024w, https:\/\/comprasguitarramusicaymas.cloud\/wp-content\/uploads\/2024\/03\/JoeRiver-Haciendo-Musica-300x169.jpg 300w, https:\/\/comprasguitarramusicaymas.cloud\/wp-content\/uploads\/2024\/03\/JoeRiver-Haciendo-Musica-768x432.jpg 768w, https:\/\/comprasguitarramusicaymas.cloud\/wp-content\/uploads\/2024\/03\/JoeRiver-Haciendo-Musica.jpg 1280w\" sizes=\"auto, (max-width: 1024px) 100vw, 1024px\" \/><figcaption class=\"wp-element-caption\">guitarra para cantar y desestresartre cantando y tocandola tocando y haciendo musica<\/figcaption><\/figure>\n\n\n\n<figure class=\"wp-block-image size-large is-style-rounded\"><img alt=\"agilizar yemas en el diapas\u00f3n cuerda por cuerda taste por traste\" loading=\"lazy\" decoding=\"async\" width=\"66\" height=\"50\" data-id=\"199\" src=\"https:\/\/comprasguitarramusicaymas.cloud\/wp-content\/uploads\/2024\/03\/GMHS5y10-P5yP10-FOTO-66-x-50-Pixels-Yio-ESTE-G-Fingers-on-Guitar-Strings-BEST-yio-Joe-River-Guitar-Man-16.png\" alt=\"guitarras tocar y cantar\n\" class=\"wp-image-199\"\/><figcaption class=\"wp-element-caption\">guitarra para cantar y desestresartre cantando y tocandola tocando y haciendo musica<\/figcaption><\/figure>\n<\/figure>\n\n\n\n<p class=\"has-normal-font-size\">Y VISITEN NUESTRA <strong><em><mark style=\"background-color:rgba(0, 0, 0, 0)\" class=\"has-inline-color has-orange-color\">net reidio <\/mark><a href=\"https:\/\/youtu.be\/M2RZJy4fq6c?si=RWVDDgTCfMLJYD6o\" target=\"_blank\" rel=\"noreferrer noopener\"><mark style=\"background-color:rgba(0, 0, 0, 0)\" class=\"has-inline-color has-orange-color\">XHYT8199<\/mark> <\/a>The best frequency on the net<\/em><\/strong>,<\/p>\n\n\n\n<p>DONDE PODRAS LOGRAR FACIMENTE <strong><em>APRENDER<\/em><\/strong> CONOCIENDO <strong><em>FACIL<\/em><\/strong> Y <strong><em>RAPIDO<\/em><\/strong>:<\/p>\n\n\n\n<p class=\"has-normal-font-size\">Clases de <em><strong>tecnicas f\u00e1ciles <\/strong><\/em>para <em><strong>tocar <\/strong><\/em>la <em><strong>guitarra <\/strong><\/em>con todos los <em><strong>dedos <\/strong><\/em>de ambas <em><strong>manos<\/strong><\/em> y cantar feliz tocndo bi\u00e9n facilito la guitara,<br>T\u00e9cnicas avanzadas del f\u00e1cil <em><strong>malavarismo <\/strong><\/em>avanzado<br>Y el <em><strong>m\u00e9todo m\u00e1s f\u00e1cil que ha existido para aprender f\u00e1cil y r\u00e1pido:<\/strong><\/em><\/p>\n\n\n\n<p class=\"has-normal-font-size\">El gran m\u00e9todo<em><strong> Joe Riv <\/strong><\/em>para poder <em><strong>armar de la nada <\/strong><\/em>muy:<\/p>\n\n\n\n<p class=\"has-vivid-cyan-blue-color has-text-color has-link-color has-normal-font-size wp-elements-a3e647b908c000ff3965825fef3feb62\">Muy <em><strong>facil <\/strong><\/em>y <em><strong>veloz <\/strong><\/em>y <em><strong>rapido rapid\u00edsimo:<\/strong><\/em><\/p>\n\n\n\n<p class=\"has-vivid-green-cyan-color has-text-color has-link-color has-large-font-size wp-elements-740c2342ad78eb544e3c5c31a8033cdf\">el <em><strong>cubo del <\/strong><\/em>gran Erno <em><strong>Rubik<\/strong><\/em>,<\/p>\n\n\n\n<p class=\"has-normal-font-size\">\u00a1\u00a1S\u00edi!!<\/p>\n\n\n\n<p>Aprender\u00e1s a armar <strong>facilito<\/strong> y <em><strong>f\u00e1cilmente<\/strong><\/em> <strong><em>desestresnte<\/em><\/strong> y <strong><em>realizante<\/em><\/strong> el <strong><em>sencillo<\/em><\/strong> y <em><strong>\u00fanico<\/strong><\/em> <strong><em>m\u00e9todo<\/em><\/strong> del armado del <strong><em>cubo<\/em><\/strong> de <em><strong>Rubik<\/strong><\/em><\/p>\n\n\n\n<p>EL GRAN METODO <em><strong><mark style=\"background-color:rgba(0, 0, 0, 0)\" class=\"has-inline-color has-primary-color\">Joe Riv 1 Y 2<\/mark><\/strong><\/em>.<\/p>\n\n\n<div class=\"wp-block-image\">\n<figure class=\"aligncenter size-large is-resized\"><img alt=\"\" loading=\"lazy\" decoding=\"async\" width=\"1024\" height=\"1024\" src=\"https:\/\/comprasguitarramusicaymas.cloud\/wp-content\/uploads\/2024\/04\/1000005968-1024x1024.jpg\" alt=\"\" class=\"wp-image-577\" style=\"width:92px;height:auto\" srcset=\"https:\/\/comprasguitarramusicaymas.cloud\/wp-content\/uploads\/2024\/04\/1000005968-1024x1024.jpg 1024w, https:\/\/comprasguitarramusicaymas.cloud\/wp-content\/uploads\/2024\/04\/1000005968-300x300.jpg 300w, https:\/\/comprasguitarramusicaymas.cloud\/wp-content\/uploads\/2024\/04\/1000005968-150x150.jpg 150w, https:\/\/comprasguitarramusicaymas.cloud\/wp-content\/uploads\/2024\/04\/1000005968-768x768.jpg 768w, https:\/\/comprasguitarramusicaymas.cloud\/wp-content\/uploads\/2024\/04\/1000005968-1536x1536.jpg 1536w, https:\/\/comprasguitarramusicaymas.cloud\/wp-content\/uploads\/2024\/04\/1000005968-2048x2048.jpg 2048w\" sizes=\"auto, (max-width: 1024px) 100vw, 1024px\" \/><\/figure><\/div>\n\n\n<p class=\"has-text-align-center\"><mark style=\"background-color:rgba(0, 0, 0, 0)\" class=\"has-inline-color has-primary-color\"><strong><em>EL GRAN M\u00c9TODO Joe Riv<\/em><\/strong><\/mark><\/p>\n\n\n\n<p><\/p>\n\n\n<div class=\"wp-block-image\">\n<figure class=\"aligncenter size-large is-resized\"><img alt=\"\" loading=\"lazy\" decoding=\"async\" width=\"1024\" height=\"1024\" src=\"https:\/\/comprasguitarramusicaymas.cloud\/wp-content\/uploads\/2024\/04\/1000005970-1024x1024.jpg\" alt=\"\" class=\"wp-image-578\" style=\"width:95px;height:auto\" srcset=\"https:\/\/comprasguitarramusicaymas.cloud\/wp-content\/uploads\/2024\/04\/1000005970-1024x1024.jpg 1024w, https:\/\/comprasguitarramusicaymas.cloud\/wp-content\/uploads\/2024\/04\/1000005970-300x300.jpg 300w, https:\/\/comprasguitarramusicaymas.cloud\/wp-content\/uploads\/2024\/04\/1000005970-150x150.jpg 150w, https:\/\/comprasguitarramusicaymas.cloud\/wp-content\/uploads\/2024\/04\/1000005970-768x768.jpg 768w, https:\/\/comprasguitarramusicaymas.cloud\/wp-content\/uploads\/2024\/04\/1000005970-1536x1536.jpg 1536w, https:\/\/comprasguitarramusicaymas.cloud\/wp-content\/uploads\/2024\/04\/1000005970-2048x2048.jpg 2048w\" sizes=\"auto, (max-width: 1024px) 100vw, 1024px\" \/><\/figure><\/div>\n\n\n<p>DALE CLIK AH\u00cd;<\/p>\n\n\n\n<p><strong><em><mark style=\"background-color:rgba(0, 0, 0, 0)\" class=\"has-inline-color has-primary-color\">AK\u00cd EN LA CLOUD<\/mark><\/em><\/strong><\/p>\n\n\n\n<p>VISITEN NUESTRA <strong><em><mark style=\"background-color:rgba(0, 0, 0, 0)\" class=\"has-inline-color has-orange-color\">net reidio<\/mark> <mark style=\"background-color:rgba(0, 0, 0, 0)\" class=\"has-inline-color has-orange-color\"><a href=\"https:\/\/youtu.be\/M2RZJy4fq6c?si=RWVDDgTCfMLJYD6o\" target=\"_blank\" rel=\"noreferrer noopener\">XHYT8199<\/a><\/mark><\/em><\/strong> The best frequency on the net,<\/p>\n\n\n\n<p class=\"has-luminous-vivid-amber-color has-text-color has-normal-font-size\"><strong>Solo denle click ah\u00ed&#8212;&#8212;&#8212;-|\/\\|<\/strong><\/p>\n\n\n\n<p class=\"has-luminous-vivid-amber-color has-text-color has-normal-font-size\"><em><strong>Solo denle click ah\u00ed&#8212;&#8212;&#8212;-  |<\/strong><\/em><\/p>\n\n\n\n<p class=\"has-luminous-vivid-amber-color has-text-color has-normal-font-size\"><em><strong>Solo denle click ah\u00ed&#8212;&#8212;&#8212;-  |<\/strong><\/em><\/p>\n\n\n\n<p class=\"has-luminous-vivid-amber-color has-text-color has-normal-font-size\"><em><strong>Solo denle click ah\u00ed&#8212;&#8212;&#8212;-  |<\/strong><\/em><\/p>\n\n\n\n<p class=\"has-luminous-vivid-amber-color has-text-color has-normal-font-size\"><em><strong>Solo denle click ah\u00ed&#8212;&#8212;&#8212;&#8211; |<\/strong><\/em><\/p>\n\n\n\n<p class=\"has-normal-font-size\"><mark style=\"background-color:rgba(0, 0, 0, 0)\" class=\"has-inline-color has-orange-color\">O clikea la <em><strong>U.R.L. segura<\/strong><\/em><\/mark>: <a href=\"https:\/\/youtu.be\/M2RZJy4fq6c?si=RWVDDgTCfMLJYD6o\">https:\/\/youtu.be\/M2RZJy4fq6c?si=RWVDDgTCfMLJYD6o<\/a><\/p>\n\n\n\n<p class=\"has-orange-color has-text-color has-link-color has-normal-font-size wp-elements-c062a2a7eb90aa19456524d34f7a1963\"><em><strong>COMPRAS GUITARRA MUSICA Y MAS<\/strong><\/em> <em><strong>.CLOUD<\/strong><\/em><\/p>\n\n\n\n<p>\u00a1\u00a1DESDE <em><strong><a href=\"https:\/\/comprasguitarramusicaymas.cloud\/\"><mark style=\"background-color:rgba(0, 0, 0, 0)\" class=\"has-inline-color has-primary-color\">AK\u00cd <\/mark><\/a><\/strong><\/em>EN NUESTRA <em><strong><a href=\"https:\/\/comprasguitarramusicaymas.cloud\/\"><mark style=\"background-color:rgba(0, 0, 0, 0)\" class=\"has-inline-color has-orange-color\">CLOUD<\/mark><\/a><\/strong><\/em> segura y protectora de <em><strong><mark style=\"background-color:rgba(0, 0, 0, 0);color:#67d805\" class=\"has-inline-color\">todo <\/mark><\/strong><\/em>y <em><strong><mark style=\"background-color:rgba(0, 0, 0, 0)\" class=\"has-inline-color has-primary-color\">todos<\/mark><\/strong><\/em>!!<\/p>\n\n\n\n<p><\/p>\n\n\n\n<p><\/p>\n\n\n\n<p>guitarras <em><strong>tocar <\/strong><\/em>y <em><strong>cantar<\/strong><\/em><\/p>\n\n\n\n<p><em><strong>guitarra <\/strong><\/em>para <em><strong>cantar <\/strong><\/em>y <em><strong>desestresartre <\/strong><\/em>cantando y tocandola tocando y <em><strong>haciendo m\u00fasica<\/strong><\/em><\/p>\n\n\n\n<p><em><strong>guitarra <\/strong><\/em>para <em><strong>tocar sus cuerdas <\/strong><\/em>y <em><strong>hacer <\/strong><\/em>de sus<em><strong> sonidos naturales <\/strong><\/em>una <em><strong>cancion musical <\/strong><\/em>en el <em><strong>estudio <\/strong><\/em>o <em><strong>habitacion <\/strong><\/em>de <em><strong>estudio<\/strong><\/em><\/p>\n\n\n\n<p><em><strong>armar cubo rubik metodo sencillo procedimientos nuevos <\/strong><\/em>f<em><strong>aciles y sencillos muy facil sencillo<\/strong><\/em><\/p>\n\n\n\n<p><em><strong>nomenclatura actual nuevo metodo Joe Riv 2<\/strong><\/em> <em><strong>compilacion grandes metodos<\/strong><\/em><\/p>\n","protected":false},"excerpt":{"rendered":"<p>Clases de tecnicas de tocar la guitarra con todos los dedos de ambas manos<br \/>\nmalavarismo avanzado<br \/>\nel m\u00e9todo Joe Riv para poder armar de la nada muy facil y veloz y rapido rapid\u00edsimo el cubo del gran Erno Rubik<\/p>\n","protected":false},"author":1,"featured_media":0,"parent":0,"menu_order":0,"comment_status":"open","ping_status":"closed","template":"","meta":{"_seopress_robots_primary_cat":"","_seopress_titles_title":"","_seopress_titles_desc":"","_seopress_robots_index":"","_eb_attr":"","footnotes":""},"class_list":["post-571","page","type-page","status-publish","hentry"],"_links":{"self":[{"href":"https:\/\/comprasguitarramusicaymas.cloud\/index.php\/wp-json\/wp\/v2\/pages\/571","targetHints":{"allow":["GET"]}}],"collection":[{"href":"https:\/\/comprasguitarramusicaymas.cloud\/index.php\/wp-json\/wp\/v2\/pages"}],"about":[{"href":"https:\/\/comprasguitarramusicaymas.cloud\/index.php\/wp-json\/wp\/v2\/types\/page"}],"author":[{"embeddable":true,"href":"https:\/\/comprasguitarramusicaymas.cloud\/index.php\/wp-json\/wp\/v2\/users\/1"}],"replies":[{"embeddable":true,"href":"https:\/\/comprasguitarramusicaymas.cloud\/index.php\/wp-json\/wp\/v2\/comments?post=571"}],"version-history":[{"count":14,"href":"https:\/\/comprasguitarramusicaymas.cloud\/index.php\/wp-json\/wp\/v2\/pages\/571\/revisions"}],"predecessor-version":[{"id":751,"href":"https:\/\/comprasguitarramusicaymas.cloud\/index.php\/wp-json\/wp\/v2\/pages\/571\/revisions\/751"}],"wp:attachment":[{"href":"https:\/\/comprasguitarramusicaymas.cloud\/index.php\/wp-json\/wp\/v2\/media?parent=571"}],"curies":[{"name":"wp","href":"https:\/\/api.w.org\/{rel}","templated":true}]}}