{"id":56,"date":"2024-02-24T00:55:42","date_gmt":"2024-02-23T23:55:42","guid":{"rendered":"https:\/\/comprasguitarramusicaymas.cloud\/?page_id=56"},"modified":"2024-03-30T21:33:41","modified_gmt":"2024-03-30T20:33:41","slug":"traza-tus-dedos-de-ambas-manos-en-el-diapason-de-una-guitarra-mini-ebook-y-video","status":"publish","type":"page","link":"https:\/\/comprasguitarramusicaymas.cloud\/index.php\/traza-tus-dedos-de-ambas-manos-en-el-diapason-de-una-guitarra-mini-ebook-y-video\/","title":{"rendered":"mini-EBook y Video 5: Traza tus dedos de ambas manos en el diapas\u00f3n de una guitarra"},"content":{"rendered":"\n<p><em><strong>mini-EBook y Video 5: Traza todos tus cinco dedos de ambas manos en las cuerdas del diapas\u00f3n <\/strong><\/em>y las cuerdas del cuerpo de la guitarra<\/p>\n\n\n\n<p>\u00bfQuieres aprender y saber: C\u00f3mo trazar los dedos en las cuerdas del cuerpo de la guitarra del diapas\u00f3n como un profesional?<\/p>\n\n\n\n<p><strong>*********<\/strong><em><strong>S\u00edn los a\u00f1os <\/strong><\/em>de formaci\u00f3n, los <em><strong>costes <\/strong><\/em>del coaching y los <em><strong>dolores <\/strong><\/em>de cabeza<\/p>\n\n\n\n<p>Un <em><strong>trazo exitoso en las cuerdas <\/strong><\/em>del diapas\u00f3n con los dedos<\/p>\n\n\n\n<p>Trazando unas <em><strong>diagonales <\/strong><\/em>hacia <em><strong>adelante <\/strong><\/em>y hacia <em><strong>atr\u00e1s entre las cuerdas <\/strong><\/em>y los <em><strong>trastes <\/strong><\/em>del diapas\u00f3n de una guitarra<\/p>\n\n\n\n<figure class=\"wp-block-embed is-type-video is-provider-youtube wp-block-embed-youtube wp-embed-aspect-4-3 wp-has-aspect-ratio\"><div class=\"wp-block-embed__wrapper\">\n<iframe loading=\"lazy\" title=\"Tracing a Forward Backward slashes on Fret Fingerboard of a Guitar\" width=\"640\" height=\"480\" src=\"https:\/\/www.youtube.com\/embed\/JfB58efE5mE?feature=oembed\" frameborder=\"0\" allow=\"accelerometer; autoplay; clipboard-write; encrypted-media; gyroscope; picture-in-picture; web-share\" referrerpolicy=\"strict-origin-when-cross-origin\" allowfullscreen><\/iframe>\n<\/div><figcaption class=\"wp-element-caption\">Toca la guitarra f\u00e1cilito con tus dedos <em><strong><mark style=\"background-color:rgba(0, 0, 0, 0)\" class=\"has-inline-color has-orange-color\">divierte<\/mark><\/strong><\/em> ((y <em><strong><mark style=\"background-color:rgba(0, 0, 0, 0)\" class=\"has-inline-color has-orange-color\">diviertete<\/mark><\/strong><\/em>))<\/figcaption><\/figure>\n\n\n\n<p>HACIENDO PRIMERO LA BARRA DIAGONAL DE REGRESO A LA CADENA INICIAL: \u00a1Primero!; es con 4 dedos, \u00a13 dedos en su cuerda indicada!; \u00a1M\u00e1s tarde!; toda la m\u00fasica que puedes reproducir; \u00a1Con cualquier otro dedo!; cerca;,, en cada una de las cuerdas del diapas\u00f3n f\u00e1cilmente!<\/p>\n\n\n\n<p><\/p>\n\n\n\n<p>HACER PRIMERO LA BARRA INVERTIDA HACIA ATR\u00c1S DE REGRESO A LA CADENA INICIAL: \u00a1Puedes continuar con todos los 4 dedos principales!; dibujar una barra hacia adelante, una barra hacia atr\u00e1s en el tono natural mayor; formando en todos los trastes externos al diapas\u00f3n de la guitarra!; desde la 1\u00aa cuerda 12\u00ba traste hasta la 6\u00aa cuerda 1\u00ba traste y desde la 1\u00aa cuerda 1\u00ba traste hasta la 6\u00aa cuerda 12\u00ba traste!; para luego hacer el viaje trazando los mismos recorridos de barras diagonales hacia adelante hacia atr\u00e1s! \u00a1Incipiente!; en cada uno de los trastes y cuerdas!; volviendo a la misma cuerda en el otro extremo haciendo el recorrido por la misma y diferente afinaci\u00f3n mayor natural que forma en el diapas\u00f3n de la guitarra!; haciendo un recorrido de regreso a las cuerdas y trastes iniciales.<\/p>\n\n\n\n<p><\/p>\n\n\n\n<p>\u00a1Otro!; es dibujar la barra hacia atr\u00e1s en el 1er traste tambi\u00e9n est\u00e1 en la primera cuerda, haciendo un recorrido siguiente hasta el traste 12 hasta la 6\u00aa cuerda en tambi\u00e9n otras rutas diferentes a lo largo de la ruta de la barra hacia adelante, la barra hacia atr\u00e1s y volver a la 1\u00aa cuerda del 1er traste trazando las mismas barras hacia adelante hacia atr\u00e1s por las mismas y diferentes rutas a casa y volver a poner sus iniciales en el traste y la cuerda. \u00a1Traza una barra y cr\u00fazala tambi\u00e9n!<\/p>\n\n\n\n<p><\/p>\n\n\n\n<p>El recorrido de retorno a la cuerda y traste inicial puede ser en otro recorrido por cuerdas y trastes del diapas\u00f3n que el recorrido inicial. En otro recorrido en las cuerdas y trastes y otros sonidos naturales importantes en el diapas\u00f3n de la guitarra para sonar. \u00a1Traza una barra y cr\u00fazala tambi\u00e9n!<\/p>\n\n\n\n<p><\/p>\n\n\n\n<p><em><strong>Misi\u00f3n:<\/strong><\/em> Llegar a todo el mundo a trav\u00e9s de Internet y ense\u00f1ar el origen y principios b\u00e1sicos de la m\u00fasica con sus or\u00edgenes iniciales. Ense\u00f1ar T\u00e9cnica Inicial y Posterior De Tocar la guitarra con todos los dedos de ambas manos para dar a conocer lo f\u00e1cil que es hacer y tocar m\u00fasica. Y con esto consigues aprender a tocar la guitarra con un pincho en las diferentes formas que existen f\u00e1ciles de aprender.<\/p>\n\n\n\n<p><\/p>\n\n\n\n<p><strong>Visi\u00f3n: <\/strong>Lograr Ense\u00f1ar y Aprender lo f\u00e1cil que es poder Ser M\u00fasicos Guitarristas Canta-Autores Con solo una guitarra y sus Cuerdas y la Disposici\u00f3n de gozar haciendo M\u00fasica y Cant\u00e1ndola.<\/p>\n\n\n\n<p><\/p>\n\n\n\n<p>Esto es lo que obtienes con este libro electr\u00f3nico de 2 trimestres en ingl\u00e9s y espa\u00f1ol y videos en ingl\u00e9s<\/p>\n\n\n\n<p>C\u00f3mo empezar a trazar un requinto en diapas\u00f3n de guitarra.<\/p>\n\n\n\n<p>C\u00f3mo. un requinto con todos los dedos de la mano.<\/p>\n\n\n\n<p>Cuatro formas de iniciarlo y rastrearlo en un diapas\u00f3n externo.<\/p>\n\n\n\n<p>EBook And Video Included<\/p>\n\n\n\n<p><a href=\"https:\/\/www.comprasguitarramusicaymas.com\/post\/ebook-and-video-how-to-trace-your-fingers-both-hands-on-fingerboard-of-a-guitar\">https:\/\/www.comprasguitarramusicaymas.com\/post\/ebook-and-video-how-to-trace-your-fingers-both-hands-on-fingerboard-of-a-guitar<\/a><\/p>\n\n\n\n<p><\/p>\n\n\n\n<p><em><strong>Visiten nuestro You tube: <\/strong><\/em><a href=\"https:\/\/studio.youtube.com\/channel\/UCjg-Ky8avprKhWH0aWG8BSA\/videos\/upload?filter=%5B%5D&amp;sort=%7B%22columnType%22%3A%22date%22%2C%22sortOrder%22%3A%22DESCENDING%22%7D\" target=\"_blank\" rel=\"noreferrer noopener\">https:\/\/studio.youtube.com\/channel\/UCjg-Ky8avprKhWH0aWG8BSA\/videos\/upload?filter=%5B%5D&amp;sort=%7B%22columnType%22%3A%22date%22%2C%22sortOrder%22%3A%22DESCENDING%22%7D<\/a><\/p>\n\n\n\n<p><em><strong>Visiten nuestros Face book: <\/strong><\/em><a href=\"https:\/\/www.facebook.com\/JoeRivoltra\/\" target=\"_blank\" rel=\"noreferrer noopener\">https:\/\/www.facebook.com\/JoeRivoltra\/<\/a><\/p>\n\n\n\n<p>&#8230;&#8230;&#8230;&#8230;&#8230;&#8230;&#8230;&#8230;&#8230;&#8230;&#8230;&#8230;&#8230;&#8230;&#8230;..<a href=\"https:\/\/www.facebook.com\/JoeRivBay\/\" target=\"_blank\" rel=\"noreferrer noopener\">https:\/\/www.facebook.com\/JoeRivBay\/<\/a><\/p>\n\n\n\n<p><em><strong>Visiten nuestros Twitters:<\/strong><\/em> <a href=\"https:\/\/twitter.com\/guitarmusichow2\" target=\"_blank\" rel=\"noreferrer noopener\">https:\/\/twitter.com\/guitarmusichow2<\/a><\/p>\n\n\n\n<p><em><strong>Visiten nuestro primer sitio: <\/strong><\/em><a href=\"https:\/\/guitarandmusicsystemproductone.es.tl\" target=\"_blank\" rel=\"noreferrer noopener\">https:\/\/guitarandmusicsystemproductone.es.tl<\/a><\/p>\n\n\n\n<p>\u00a1\u00a1<em><strong>Si\u00e9ntanse bi\u00e9n y agusto;<\/strong><\/em><\/p>\n\n\n\n<p><em><strong>XK est\u00e1n seguros y protejidos con nosotros <\/strong><\/em>en nuestro(S) sitio(S) Web!!<\/p>\n\n\n\n<p><em><strong>ESET mero <\/strong><\/em>nos proteje y<\/p>\n\n\n\n<p><em><strong>Y los proteje:<\/strong><\/em><\/p>\n\n\n\n<p><a href=\"https:\/\/www.eset.com\/mx\/\" target=\"_blank\" rel=\"noreferrer noopener\">https:\/\/www.eset.com\/mx\/<\/a> \u00a1\u00a1<em><strong>Pru\u00e9benlo<\/strong><\/em> y <em><strong>compru\u00e9benlo<\/strong><\/em>!! \u00a1\u00a1<em><strong>Pru\u00e9benlo <\/strong><\/em>y lo <em><strong>comprobar\u00e1n<\/strong><\/em>!!<\/p>\n\n\n\n<p><em><strong>A ESET mero: <\/strong><\/em><a href=\"https:\/\/www.eset.com\/mx\/\" target=\"_blank\" rel=\"noreferrer noopener\">https:\/\/www.eset.com\/mx\/<\/a><\/p>\n","protected":false},"excerpt":{"rendered":"<p>mini-EBook y Video 5: Traza todos tus cinco dedos de ambas manos en las cuerdas del diapas\u00f3n y las cuerdas del cuerpo de la guitarra \u00bfQuieres aprender y saber: C\u00f3mo trazar los dedos en las cuerdas del cuerpo de la guitarra del diapas\u00f3n como un profesional? *********S\u00edn los a\u00f1os de formaci\u00f3n, los costes del coaching [&hellip;]<\/p>\n","protected":false},"author":1,"featured_media":0,"parent":0,"menu_order":0,"comment_status":"closed","ping_status":"closed","template":"","meta":{"_seopress_robots_primary_cat":"","_seopress_titles_title":"","_seopress_titles_desc":"","_seopress_robots_index":"","_eb_attr":"","footnotes":""},"class_list":["post-56","page","type-page","status-publish","hentry"],"_links":{"self":[{"href":"https:\/\/comprasguitarramusicaymas.cloud\/index.php\/wp-json\/wp\/v2\/pages\/56","targetHints":{"allow":["GET"]}}],"collection":[{"href":"https:\/\/comprasguitarramusicaymas.cloud\/index.php\/wp-json\/wp\/v2\/pages"}],"about":[{"href":"https:\/\/comprasguitarramusicaymas.cloud\/index.php\/wp-json\/wp\/v2\/types\/page"}],"author":[{"embeddable":true,"href":"https:\/\/comprasguitarramusicaymas.cloud\/index.php\/wp-json\/wp\/v2\/users\/1"}],"replies":[{"embeddable":true,"href":"https:\/\/comprasguitarramusicaymas.cloud\/index.php\/wp-json\/wp\/v2\/comments?post=56"}],"version-history":[{"count":4,"href":"https:\/\/comprasguitarramusicaymas.cloud\/index.php\/wp-json\/wp\/v2\/pages\/56\/revisions"}],"predecessor-version":[{"id":552,"href":"https:\/\/comprasguitarramusicaymas.cloud\/index.php\/wp-json\/wp\/v2\/pages\/56\/revisions\/552"}],"wp:attachment":[{"href":"https:\/\/comprasguitarramusicaymas.cloud\/index.php\/wp-json\/wp\/v2\/media?parent=56"}],"curies":[{"name":"wp","href":"https:\/\/api.w.org\/{rel}","templated":true}]}}