{"id":1458,"date":"2025-10-20T09:31:57","date_gmt":"2025-10-20T07:31:57","guid":{"rendered":"https:\/\/comprasguitarramusicaymas.cloud\/?page_id=1458"},"modified":"2025-11-26T09:58:05","modified_gmt":"2025-11-26T08:58:05","slug":"politica-de-privacidad-para-sobrevivientecromaticoli","status":"publish","type":"page","link":"https:\/\/comprasguitarramusicaymas.cloud\/index.php\/politica-de-privacidad-para-sobrevivientecromaticoli\/","title":{"rendered":"Pol\u00edtica de Privacidad para &#8220;Sobreviviente Crom\u00e1tico y Puzzle de Clasificaci\u00f3n de Tuercas&#8221;"},"content":{"rendered":"\n<p><strong>Pol\u00edtica de Privacidad para &#8220;Sobreviviente Crom\u00e1tico y Puzzle de Clasificaci\u00f3n de Tuercas&#8221;<\/strong><\/p>\n\n\n\n<p><strong>Fecha de entrada en vigor para Sobreviviente Crom\u00e1tico:<\/strong> 19 de octubre de 2025; <em><strong>para Puzzle de Clasificaci\u00f3n de Tuercas<\/strong><\/em>:<em><strong> <\/strong><\/em>18 de noviembre del 2025<\/p>\n\n\n\n<p>&#8220;Esta pol\u00edtica de privacidad aplica para las aplicaciones y juegos desarrollados por <strong>Guitar Music How to System<\/strong>, incluyendo <strong>&#8216;Sobreviviente Crom\u00e1tico&#8217;<\/strong>, <strong>&#8216;Puzzle de Clasificaci\u00f3n de Tuercas&#8217;<\/strong> y otros servicios relacionados.&#8221;<\/p>\n\n\n\n<p>Esta pol\u00edtica de privacidad describe c\u00f3mo <code><em><strong>DesarroJoe<\/strong><\/em><\/code> (en adelante, &#8220;nosotros&#8221; o &#8220;nuestro&#8221;) maneja la informaci\u00f3n en la aplicaci\u00f3n &#8220;Sobreviviente Cromatico y Puzzle de Clasificaci\u00f3n de Tuercas&#8221; (en adelante, &#8220;el Juego&#8221;).<\/p>\n\n\n\n<p><strong>1. Recolecci\u00f3n de Informaci\u00f3n<\/strong><\/p>\n\n\n\n<p>\u00a1Tu privacidad es importante para nosotros!<\/p>\n\n\n\n<p>El Juego (&#8220;Sobreviviente Crom\u00e1tico, Puzzle de Clasificaci\u00f3n de Tuercas&#8221;) <strong>NO<\/strong> recolectan, almacenan ni comparten ning\u00fan tipo de informaci\u00f3n personal identificable (como nombre, correo electr\u00f3nico, ubicaci\u00f3n o n\u00famero de tel\u00e9fono) de sus usuarios.<\/p>\n\n\n\n<p>El progreso de los juegos, como tu puntuaci\u00f3n m\u00e1s alta o los trofeos ganados, se almacena <strong>localmente en tu propio dispositivo<\/strong> y no se transmite a nuestros servidores.<\/p>\n\n\n\n<p><strong>2. Anuncios<\/strong><\/p>\n\n\n\n<p>El Juego puede mostrar anuncios de terceros (por ejemplo, a trav\u00e9s de Google AdMob). Estos servicios de anuncios pueden recolectar informaci\u00f3n an\u00f3nima (como identificadores de publicidad) para mostrar anuncios relevantes. Nosotros no tenemos acceso ni control sobre la informaci\u00f3n que ellos recolectan.<\/p>\n\n\n\n<p>Te recomendamos revisar las pol\u00edticas de privacidad de nuestros socios de anuncios:<\/p>\n\n\n\n<ul class=\"wp-block-list\">\n<li><a href=\"https:\/\/policies.google.com\/privacy\" target=\"_blank\" rel=\"noreferrer noopener\">Pol\u00edtica de Privacidad de Google<\/a><\/li>\n<\/ul>\n\n\n\n<p><strong>3. Permisos<\/strong><\/p>\n\n\n\n<p>El Juego (&#8220;Sobreviviente Crom\u00e1tico, Puzzle de Clasificaci\u00f3n de Tuercas&#8221;) no solicitan ning\u00fan permiso especial del dispositivo que pueda acceder a tu informaci\u00f3n personal.<\/p>\n\n\n\n<p><strong>4. Cambios a esta Pol\u00edtica de Privacidad<\/strong><\/p>\n\n\n\n<p>Nos reservamos el derecho de actualizar esta pol\u00edtica de privacidad en cualquier momento. Cualquier cambio ser\u00e1 publicado en esta misma p\u00e1gina.<\/p>\n\n\n\n<p><strong>5. Contacto<\/strong><\/p>\n\n\n\n<p>Si tienes alguna pregunta sobre esta Pol\u00edtica de Privacidad, puedes contactarnos en: <code><code>info@comprasguitarramusicaymas.cloud<\/code><\/code>    |    contacto@comprasguitarramusicaymas.cloud<\/p>\n\n\n\n<p><em><strong>SOPORTE Y CONTACTO:<\/strong><\/em> <code>ayuydaysoporte@comprasguitarramusicaymas..cloud<\/code><\/p>\n","protected":false},"excerpt":{"rendered":"<p>Pol\u00edtica de Privacidad para &#8220;Sobreviviente Crom\u00e1tico y Puzzle de Clasificaci\u00f3n de Tuercas&#8221; Fecha de entrada en vigor para Sobreviviente Crom\u00e1tico: 19 de octubre de 2025; para Puzzle de Clasificaci\u00f3n de Tuercas: 18 de noviembre del 2025 &#8220;Esta pol\u00edtica de privacidad aplica para las aplicaciones y juegos desarrollados por Guitar Music How to System, incluyendo &#8216;Sobreviviente [&hellip;]<\/p>\n","protected":false},"author":1,"featured_media":0,"parent":0,"menu_order":0,"comment_status":"closed","ping_status":"closed","template":"","meta":{"_seopress_robots_primary_cat":"","_seopress_titles_title":"","_seopress_titles_desc":"","_seopress_robots_index":"","_eb_attr":"","footnotes":""},"class_list":["post-1458","page","type-page","status-publish","hentry"],"_links":{"self":[{"href":"https:\/\/comprasguitarramusicaymas.cloud\/index.php\/wp-json\/wp\/v2\/pages\/1458","targetHints":{"allow":["GET"]}}],"collection":[{"href":"https:\/\/comprasguitarramusicaymas.cloud\/index.php\/wp-json\/wp\/v2\/pages"}],"about":[{"href":"https:\/\/comprasguitarramusicaymas.cloud\/index.php\/wp-json\/wp\/v2\/types\/page"}],"author":[{"embeddable":true,"href":"https:\/\/comprasguitarramusicaymas.cloud\/index.php\/wp-json\/wp\/v2\/users\/1"}],"replies":[{"embeddable":true,"href":"https:\/\/comprasguitarramusicaymas.cloud\/index.php\/wp-json\/wp\/v2\/comments?post=1458"}],"version-history":[{"count":10,"href":"https:\/\/comprasguitarramusicaymas.cloud\/index.php\/wp-json\/wp\/v2\/pages\/1458\/revisions"}],"predecessor-version":[{"id":1542,"href":"https:\/\/comprasguitarramusicaymas.cloud\/index.php\/wp-json\/wp\/v2\/pages\/1458\/revisions\/1542"}],"wp:attachment":[{"href":"https:\/\/comprasguitarramusicaymas.cloud\/index.php\/wp-json\/wp\/v2\/media?parent=1458"}],"curies":[{"name":"wp","href":"https:\/\/api.w.org\/{rel}","templated":true}]}}