{"id":1307,"date":"2025-06-15T22:45:56","date_gmt":"2025-06-15T20:45:56","guid":{"rendered":"https:\/\/comprasguitarramusicaymas.cloud\/?page_id=1307"},"modified":"2025-06-15T00:46:28","modified_gmt":"2025-06-14T22:46:28","slug":"mini-ebooks-y-videos-autenticos-de-principios-de-musica-tecnicas-de-guitarra-carta-de-ventas-produccion-y-productos","status":"publish","type":"page","link":"https:\/\/comprasguitarramusicaymas.cloud\/index.php\/mini-ebooks-y-videos-autenticos-de-principios-de-musica-tecnicas-de-guitarra-carta-de-ventas-produccion-y-productos\/","title":{"rendered":"mini-EBooks y Videos autenticos de principios de M\u00fasica t\u00e9cnicas de Guitarra | Carta de ventas | Producci\u00f3n y productos"},"content":{"rendered":"\n<p><em><strong>mini-EBooks y Videos autenticos de principios de M\u00fasica y aut\u00e9nticas t\u00e9cnicas de Guitarra Producci\u00f3n y productos<\/strong><\/em><\/p>\n\n\n\n<p>\ud83d\ude00 <a href=\"https:\/\/comprasguitarramusicaymas.cloud\/index.php\/carta-de-ventas-productos\/\" data-type=\"page\" data-id=\"895\">Carta de Ventas<\/a>: ,((;en <em><strong>espa\u00f1ol <\/strong><\/em>\u00e9 <em><strong>ingl\u00e9s<\/strong><\/em>;)), <em><strong><mark style=\"background-color:rgba(0, 0, 0, 0)\" class=\"has-inline-color has-luminous-vivid-amber-color\">|_________|_________|<\/mark><\/strong><\/em><\/p>\n\n\n\n<p>O aqu\u00ed:<\/p>\n\n\n\n<p>\ud83d\ude00<\/p>\n\n\n\n<p>Tomar <a href=\"https:\/\/comprasguitarramusicaymas.cloud\/index.php\/2024\/02\/26\/gratis-el-mini-ebook-de-27-paginas-sistemas-de-guitarra-y-principios-de-musica-del-gran-joe-river\/\" data-type=\"post\" data-id=\"67\"><em><strong>Gratis <\/strong><\/em>el<em><strong> mini-EBook<\/strong><\/em> de<\/a> 27 p\u00e1ginas de <a href=\"https:\/\/comprasguitarramusicaymas.cloud\/index.php\/tecnicas-iniciales-del-uni-requinto\/\" data-type=\"page\" data-id=\"22\">prinipios de musica<\/a> ,((;para todos;)), y<\/p>\n\n\n\n<p>\ud83d\ude00<\/p>\n\n\n\n<p><em><strong>Tecnicas sencillas <\/strong><\/em>para <em><strong>tocar la guitarra<\/strong><\/em> con los dedos de ambas manos:<\/p>\n\n\n\n<p><em><strong><a href=\"https:\/\/comprasguitarramusicaymas.cloud\/index.php\/principios-musicales-y-tecnicas-del-uni-requinto-de-guitarra\/\" data-type=\"page\" data-id=\"19\">EBook 1<\/a>:<\/strong><\/em> <em><strong><mark style=\"background-color:rgba(0, 0, 0, 0)\" class=\"has-inline-color has-luminous-vivid-amber-color\">|_________| <\/mark>Como<\/strong><\/em> son los <em><strong>Principios de m\u00fasica<\/strong><\/em>; cuales son los <em><strong>tonos notas <\/strong><\/em>en todo el <em><strong>diapas\u00f3n <\/strong><\/em>y <em><strong>como <\/strong><\/em>hacer <em><strong>tecnicas circuitos <\/strong><\/em>en todo el diapason de la guitarra;<\/p>\n\n\n\n<p><em><strong><a href=\"https:\/\/comprasguitarramusicaymas.cloud\/index.php\/tecnicas-iniciales-del-uni-requinto\/\" data-type=\"page\" data-id=\"22\">mini-EBook 2<\/a>:<\/strong><\/em> <em><strong><mark style=\"background-color:rgba(0, 0, 0, 0)\" class=\"has-inline-color has-luminous-vivid-amber-color\">|_________| <\/mark>Como <\/strong><\/em>son las <em><strong>T\u00e9cnicas iniciales <\/strong><\/em>del uni-requinto, How to <em><strong>initial Starter <\/strong><\/em>uni-<em><strong>requinto techniques<\/strong><\/em>,<\/p>\n\n\n\n<p><em><strong><a href=\"https:\/\/comprasguitarramusicaymas.cloud\/index.php\/como-afinar-entonar-y-ajustar-las-cuerdas-de-la-guitarra-optimamente\/\" data-type=\"page\" data-id=\"27\">mini-EBook 3<\/a>:<\/strong><\/em> <em><strong><mark style=\"background-color:rgba(0, 0, 0, 0)\" class=\"has-inline-color has-luminous-vivid-amber-color\">|_________|<\/mark><\/strong><\/em> <em><strong>Como afinar<\/strong><\/em>, entonar y econrdar bi\u00e9n las guitarras,<\/p>\n\n\n\n<p><em><strong><a href=\"https:\/\/comprasguitarramusicaymas.cloud\/index.php\/como-tocar-las-cuerdas-de-la-guitarra-con-los-5-dedos-mini-ebook-y-video\/\" data-type=\"page\" data-id=\"53\">mini-EBook y video 4<\/a>:<\/strong><\/em> <em><strong><mark style=\"background-color:rgba(0, 0, 0, 0)\" class=\"has-inline-color has-luminous-vivid-amber-color\">|_________|<\/mark><\/strong><\/em> <em><strong>Como tocar la guitarra <\/strong><\/em>con los dedos de ambas manos,<\/p>\n\n\n\n<p><em><strong><a href=\"https:\/\/comprasguitarramusicaymas.cloud\/index.php\/traza-tus-dedos-de-ambas-manos-en-el-diapason-de-una-guitarra-mini-ebook-y-video\/\" data-type=\"page\" data-id=\"56\">mini-EBook y video 5<\/a>:<\/strong><\/em> <em><strong><mark style=\"background-color:rgba(0, 0, 0, 0)\" class=\"has-inline-color has-luminous-vivid-amber-color\">|_________|<\/mark><\/strong><\/em> <em><strong>Como trazar <\/strong><\/em>el diapason de la guitarra con los dedos de ambas manos, | Diapas\u00f3n y Cuerpo de la guitarra<\/p>\n\n\n\n<p><em><strong><a href=\"https:\/\/comprasguitarramusicaymas.cloud\/index.php\/como-son-los-circuitos-del-uni-requinto-individual-de-los-tonos-naturales-mayores-de-guitarra-mini-ebook-y-video\/\" data-type=\"page\" data-id=\"59\">mini-EBook y video 6<\/a>:<\/strong><\/em> <em><strong><mark style=\"background-color:rgba(0, 0, 0, 0)\" class=\"has-inline-color has-luminous-vivid-amber-color\">|_________|<\/mark><\/strong><\/em> Como son los circuitos del uni-requinto ,((;en el <em><strong>diapas\u00f3n <\/strong><\/em>de la <em><strong>guitarra<\/strong><\/em>;)),<\/p>\n\n\n\n<p><em><strong><mark style=\"background-color:rgba(0, 0, 0, 0)\" class=\"has-inline-color has-luminous-vivid-orange-color\">;D<\/mark><\/strong><\/em><\/p>\n\n\n\n<p><em><strong><mark style=\"background-color:rgba(0, 0, 0, 0)\" class=\"has-inline-color has-pale-pink-color\">|_________|<\/mark><\/strong><\/em> #<em><strong><mark style=\"background-color:rgba(0, 0, 0, 0)\" class=\"has-inline-color has-luminous-vivid-amber-color\"><a href=\"https:\/\/comprasguitarramusicaymas.cloud\/index.php\/ramos-de-alcatraz-de-oro-alcatraz-del-amor\/\" data-type=\"page\" data-id=\"1144\">AlcaCoin<\/a><\/mark><\/strong><\/em>;<\/p>\n\n\n\n<p>Presentacion de la nueva <em><strong><a href=\"https:\/\/comprasguitarramusicaymas.cloud\/index.php\/presentacion-de-la-nueva-moneda-online-de-alcatraz-el-valor-del-alcatraz-marchito-de-oro\/\" data-type=\"page\" data-id=\"1197\">moneda de ahorro<\/a><\/strong><\/em>\/ <em><strong><a href=\"https:\/\/comprasguitarramusicaymas.cloud\/index.php\/creacion-de-alcatraz-una-nueva-moneda-virtual-alcacoin\/\" data-type=\"page\" data-id=\"1233\">inversion<\/a> seguros <\/strong><\/em>y<em><strong> protejidos Online<\/strong><\/em> <em><strong><mark style=\"background-color:rgba(0, 0, 0, 0)\" class=\"has-inline-color has-pale-pink-color\">|_________|<\/mark><\/strong><\/em><\/p>\n\n\n\n<p><em><strong><mark style=\"background-color:rgba(0, 0, 0, 0)\" class=\"has-inline-color has-luminous-vivid-orange-color\">\ud83d\ude00<\/mark><\/strong><\/em><\/p>\n\n\n\n<p><em><strong><a href=\"https:\/\/comprasguitarramusicaymas.cloud\/index.php\/como-how-to-son-los-musicos-y-musica-el-ebook\/\" data-type=\"page\" data-id=\"495\">EBook 7<\/a>:<\/strong><\/em> <em><strong><mark style=\"background-color:rgba(0, 0, 0, 0)\" class=\"has-inline-color has-luminous-vivid-amber-color\">|_________| <\/mark>Como son <\/strong><\/em>los <em><strong>m\u00fasicos <mark style=\"background-color:rgba(0, 0, 0, 0)\" class=\"has-inline-color has-luminous-vivid-amber-color\">| | |<\/mark><\/strong><\/em> como fueron los <em><strong>origenes rudimenarios<\/strong><\/em> o <em><strong>pre-hist\u00f3ricos <\/strong><\/em>de la <em><strong>musica <\/strong><\/em>,((;y <em><strong>como son todos los instrumentos <\/strong><\/em>musicales que existen en el universo;)); <em><strong><mark style=\"background-color:rgba(0, 0, 0, 0)\" class=\"has-inline-color has-luminous-vivid-amber-color\">| | |<\/mark><\/strong><\/em> <em><strong>How to music <\/strong><\/em>And <em><strong>Musicians <\/strong><\/em>The EBook<\/p>\n\n\n\n<p><em><strong><a href=\"https:\/\/comprasguitarramusicaymas.cloud\/index.php\/perdido-en-amor-poema-en-ebook-para-leer-y-cantar\/\" data-type=\"page\" data-id=\"889\">mini-EBook poema\/ cancion 8:<\/a><\/strong><\/em> <em><strong><mark style=\"background-color:rgba(0, 0, 0, 0)\" class=\"has-inline-color has-luminous-vivid-amber-color\">|_________|<\/mark><\/strong><\/em> <a href=\"https:\/\/comprasguitarramusicaymas.cloud\/wp-content\/uploads\/2024\/09\/GMHS8-P8-4Pg-EBook-Con-Port-Real-Love-Poem-HeForShe.pdf\" data-type=\"attachment\" data-id=\"892\">mini-EBook 8 #He4She<\/a>:<\/p>\n\n\n\n<p><em><strong><a href=\"https:\/\/comprasguitarramusicaymas.cloud\/index.php\/como-circuitos-uni-requinto-trazar-el-diapason-tocar-guitarra-con-los-5-dedos\/\" data-type=\"page\" data-id=\"902\">mini-EBooks y videos 9<\/a>:<\/strong><\/em> <em><strong><mark style=\"background-color:rgba(0, 0, 0, 0)\" class=\"has-inline-color has-luminous-vivid-amber-color\">|_________|<\/mark><\/strong><\/em> <a href=\"https:\/\/comprasguitarramusicaymas.cloud\/index.php\/2025\/04\/29\/descubre-los-circuitos-del-umi-requinto-en-un-mini-eblok\/\" data-type=\"post\" data-id=\"1113\">Descubre los circuitos del uni-requinto ,((;con todos los dedos;)),<\/a>:<\/p>\n\n\n\n<p><em><strong><a href=\"https:\/\/comprasguitarramusicaymas.cloud\/index.php\/ebook-producto-10-como-tocar-exitosamente-el-uni-requinto-de-guitarra-con-una-pua\/\" data-type=\"page\" data-id=\"961\">mini-EBook y video 10<\/a>:<\/strong><\/em> <em><strong><mark style=\"background-color:rgba(0, 0, 0, 0)\" class=\"has-inline-color has-luminous-vivid-amber-color\">|_________|<\/mark><\/strong><\/em> <em><strong>Como tocar la guitarra <\/strong><\/em>con una <em><strong>P\u00faa<\/strong><\/em><\/p>\n\n\n\n<p><em><strong><a href=\"https:\/\/comprasguitarramusicaymas.cloud\/index.php\/ebook-producto-11-como-tocar-los-tonos-armonicos-del-uni-requinto-en-la-guitarra\/\" data-type=\"page\" data-id=\"957\">mini-EBook y video 11<\/a>:<\/strong><\/em> <em><strong><mark style=\"background-color:rgba(0, 0, 0, 0)\" class=\"has-inline-color has-luminous-vivid-amber-color\">|_________|<\/mark><\/strong><\/em> C\u00e1ules son los <em><strong>sonidos arm\u00f3nicos<\/strong><\/em> en la <em><strong>musica<\/strong><\/em>\/ y <em><strong>como tocar <\/strong><\/em>los <em><strong>tonos arm\u00f3nicos <\/strong><\/em>en el <em><strong>diapas\u00f3n<\/strong><\/em> de la <em><strong>guitarra<\/strong><\/em><\/p>\n\n\n\n<p><\/p>\n\n\n\n<p><em><strong>;D<\/strong><\/em><\/p>\n\n\n\n<p><a href=\"https:\/\/comprasguitarramusicaymas.cloud\/index.php\/2025\/03\/29\/comprar-los-productos\/\" data-type=\"post\" data-id=\"1027\"><mark style=\"background-color:rgba(0, 0, 0, 0)\" class=\"has-inline-color has-luminous-vivid-amber-color\"><em><strong>Comprar los productos<\/strong><\/em><\/mark><\/a><\/p>\n\n\n\n<p><em><strong>\ud83d\ude00<\/strong><\/em><\/p>\n\n\n\n<p><\/p>\n\n\n\n<p><a href=\"https:\/\/comprasguitarramusicaymas.cloud\/index.php\/entra-a-nuestras-4-web-sites-1000000-a-la-millonesima-potencia-de-seguras-y-protectoras-de-ud-para-ud\/\" data-type=\"page\" data-id=\"667\">Visitar nuestras otras 4 <em><strong>Web sites protejidas <\/strong><\/em><\/a>y protectoras de nuestros <em><strong>usuarios <\/strong><\/em>y <em><strong>visitantes<\/strong><\/em>,<\/p>\n\n\n\n<p><\/p>\n\n\n\n<p>Y <a href=\"https:\/\/comprasguitarramusicaymas.cloud\/index.php\/y-visiten-nuestra-net-reidio-xhyt8199-the-bessst-frequency-on-the-net\/\" data-type=\"page\" data-id=\"571\">visiten nuestra net reidio <em><strong><mark style=\"background-color:rgba(0, 0, 0, 0)\" class=\"has-inline-color has-vivid-red-color\">@XHYT8199 <\/mark><\/strong><\/em><\/a>The Bbeesst Ffrequency on the net, ,((;ahora in the Space;)),<\/p>\n\n\n\n<p><\/p>\n\n\n\n<p>See the <a href=\"https:\/\/comprasguitarramusicaymas.cloud\/index.php\/2024\/07\/14\/see-the-xhyt8199-the-best-frequency-on-the-net\/\" data-type=\"post\" data-id=\"722\">net reidio <\/a><em><strong><a href=\"https:\/\/comprasguitarramusicaymas.cloud\/index.php\/2024\/07\/14\/see-the-xhyt8199-the-best-frequency-on-the-net\/\" data-type=\"post\" data-id=\"722\"><mark style=\"background-color:rgba(0, 0, 0, 0)\" class=\"has-inline-color has-vivid-red-color\">@XHYT8199<\/mark><\/a><\/strong><\/em><\/p>\n\n\n\n<p>Y aprender a <a href=\"https:\/\/comprasguitarramusicaymas.cloud\/index.php\/y-visiten-nuestra-net-reidio-xhyt8199-the-bessst-frequency-on-the-net\/\" data-type=\"page\" data-id=\"571\"><mark style=\"background-color:rgba(0, 0, 0, 0)\" class=\"has-inline-color has-vivid-red-color\"><em><strong>como armar facil y rapido<\/strong><\/em> el <\/mark><\/a><em><strong><a href=\"https:\/\/comprasguitarramusicaymas.cloud\/index.php\/y-visiten-nuestra-net-reidio-xhyt8199-the-bessst-frequency-on-the-net\/\" data-type=\"page\" data-id=\"571\"><mark style=\"background-color:rgba(0, 0, 0, 0)\" class=\"has-inline-color has-vivid-red-color\">cubo <\/mark><\/a>de Rubik<\/strong><\/em> &#8216;<em><strong>intuitivamente<\/strong><\/em>&#8216; sencillo; con distintos <em><strong>videos<\/strong><\/em> en <em><strong>vivo LIVE<\/strong><\/em>; y a todo <em><strong><mark style=\"background-color:rgba(0, 0, 0, 0)\" class=\"has-inline-color has-vivid-purple-color\">color<\/mark><\/strong><\/em>; en sus distintas formas;,<\/p>\n\n\n\n<p><\/p>\n","protected":false},"excerpt":{"rendered":"<p>mini-EBooks y Videos autenticos de principios de M\u00fasica y aut\u00e9nticas t\u00e9cnicas de Guitarra Producci\u00f3n y productos \ud83d\ude00 Carta de Ventas: ,((;en espa\u00f1ol \u00e9 ingl\u00e9s;)), |_________|_________| O aqu\u00ed: \ud83d\ude00 Tomar Gratis el mini-EBook de 27 p\u00e1ginas de prinipios de musica ,((;para todos;)), y \ud83d\ude00 Tecnicas sencillas para tocar la guitarra con los dedos de ambas manos: [&hellip;]<\/p>\n","protected":false},"author":1,"featured_media":0,"parent":0,"menu_order":0,"comment_status":"closed","ping_status":"closed","template":"","meta":{"_seopress_robots_primary_cat":"","_seopress_titles_title":"","_seopress_titles_desc":"","_seopress_robots_index":"","_eb_attr":"","footnotes":""},"class_list":["post-1307","page","type-page","status-publish","hentry"],"_links":{"self":[{"href":"https:\/\/comprasguitarramusicaymas.cloud\/index.php\/wp-json\/wp\/v2\/pages\/1307","targetHints":{"allow":["GET"]}}],"collection":[{"href":"https:\/\/comprasguitarramusicaymas.cloud\/index.php\/wp-json\/wp\/v2\/pages"}],"about":[{"href":"https:\/\/comprasguitarramusicaymas.cloud\/index.php\/wp-json\/wp\/v2\/types\/page"}],"author":[{"embeddable":true,"href":"https:\/\/comprasguitarramusicaymas.cloud\/index.php\/wp-json\/wp\/v2\/users\/1"}],"replies":[{"embeddable":true,"href":"https:\/\/comprasguitarramusicaymas.cloud\/index.php\/wp-json\/wp\/v2\/comments?post=1307"}],"version-history":[{"count":2,"href":"https:\/\/comprasguitarramusicaymas.cloud\/index.php\/wp-json\/wp\/v2\/pages\/1307\/revisions"}],"predecessor-version":[{"id":1310,"href":"https:\/\/comprasguitarramusicaymas.cloud\/index.php\/wp-json\/wp\/v2\/pages\/1307\/revisions\/1310"}],"wp:attachment":[{"href":"https:\/\/comprasguitarramusicaymas.cloud\/index.php\/wp-json\/wp\/v2\/media?parent=1307"}],"curies":[{"name":"wp","href":"https:\/\/api.w.org\/{rel}","templated":true}]}}